{"id":3467,"date":"2026-02-06T14:20:16","date_gmt":"2026-02-06T14:20:16","guid":{"rendered":"https:\/\/blockids.eu\/?post_type=product&#038;p=3467"},"modified":"2026-02-24T19:25:26","modified_gmt":"2026-02-24T19:25:26","slug":"kletterwand-fuers-kinderzimmer-blockids-8","status":"publish","type":"product","link":"https:\/\/blockids.eu\/de\/product\/kletterwand-fuers-kinderzimmer-blockids-8","title":{"rendered":"Kletterwand f\u00fcrs Kinderzimmer BLOCKids 8"},"content":{"rendered":"<p>Die gro\u00dfe Fl\u00e4che bietet viele M\u00f6glichkeiten zum Klettern und eure Kinder werden viel Platz zum Bewegen und Training haben. Sie kann nat\u00fcrlich mit unserem Kletterzubeh\u00f6r erg\u00e4nzt werden, das nicht nur f\u00fcr die Kinder, sondern auch f\u00fcr euch Eltern gedacht ist. Ihr m\u00fcsst nur anfangen \u2026<\/p>\n<p>Ihr erhaltet acht rechteckige Boards aus 18 mm Birkensperrholz und Klettergriffen. Jedes Board hat einen Rahmen auf der R\u00fcckseite und die Gesamttiefe eines Boards betr\u00e4gt 36 mm einschlie\u00dflich des Holzrahmens. Jedes Board hat 20 L\u00f6cher f\u00fcr Klettergriffe. Ihr k\u00f6nnt die Position der Klettergriffe an unseren W\u00e4nden jederzeit ganz einfach \u00e4ndern, damit eure Kinder in Bewegung bleiben!<\/p>\n","protected":false},"excerpt":{"rendered":"<p>Diese gro\u00dfe Kletterwand wird die ganze Familie begeistern. Und sie ist gro\u00dfartig an einer geraden Wand oder in der Ecke eines Raums &#8230;<\/p>\n","protected":false},"featured_media":3455,"template":"","meta":{"_acf_changed":false},"product_brand":[],"product_cat":[122,108],"product_tag":[],"class_list":{"0":"post-3467","1":"product","2":"type-product","3":"status-publish","4":"has-post-thumbnail","6":"product_cat-indoor-kletterwaende","7":"product_cat-kletterwand-furs-kinderzimmer","9":"first","10":"instock","11":"taxable","12":"shipping-taxable","13":"purchasable","14":"product-type-variable"},"acf":[],"_links":{"self":[{"href":"https:\/\/blockids.eu\/de\/wp-json\/wp\/v2\/product\/3467","targetHints":{"allow":["GET"]}}],"collection":[{"href":"https:\/\/blockids.eu\/de\/wp-json\/wp\/v2\/product"}],"about":[{"href":"https:\/\/blockids.eu\/de\/wp-json\/wp\/v2\/types\/product"}],"wp:featuredmedia":[{"embeddable":true,"href":"https:\/\/blockids.eu\/de\/wp-json\/wp\/v2\/media\/3455"}],"wp:attachment":[{"href":"https:\/\/blockids.eu\/de\/wp-json\/wp\/v2\/media?parent=3467"}],"wp:term":[{"taxonomy":"product_brand","embeddable":true,"href":"https:\/\/blockids.eu\/de\/wp-json\/wp\/v2\/product_brand?post=3467"},{"taxonomy":"product_cat","embeddable":true,"href":"https:\/\/blockids.eu\/de\/wp-json\/wp\/v2\/product_cat?post=3467"},{"taxonomy":"product_tag","embeddable":true,"href":"https:\/\/blockids.eu\/de\/wp-json\/wp\/v2\/product_tag?post=3467"}],"curies":[{"name":"wp","href":"https:\/\/api.w.org\/{rel}","templated":true}]}}