{"id":3317,"date":"2026-02-06T14:20:16","date_gmt":"2026-02-06T14:20:16","guid":{"rendered":"https:\/\/blockids.eu\/?post_type=product&#038;p=3317"},"modified":"2026-02-24T06:46:24","modified_gmt":"2026-02-24T06:46:24","slug":"kletterwand-fuers-kinderzimmer-blockids-6","status":"publish","type":"product","link":"https:\/\/blockids.eu\/de\/product\/kletterwand-fuers-kinderzimmer-blockids-6","title":{"rendered":"Kletterwand f\u00fcrs Kinderzimmer BLOCKids 6"},"content":{"rendered":"<p>Ihr k\u00f6nnt sie auch mit Holzkonstruktionen von uns erg\u00e4nzen, die neue Bewegungsm\u00f6glichkeiten an der Kletterwand schaffen, wie z. B. \u00dcberh\u00e4nge oder Seitengriffe. F\u00fcr gr\u00f6\u00dfere Kinder oder auch Eltern empfehlen wir Klettergriffe aus dem Zubeh\u00f6r, wie zum Beispiel unsere Kartoffeln oder die Leisten Bumerangs. Diese sind ein echtes Klettertraining und st\u00e4rken den ganzen K\u00f6rper&#8230;. Diese sind ein echtes Klettertraining und st\u00e4rken den ganzen K\u00f6rper&#8230;<\/p>\n<p>Das Basis-Set umfasst sechs rechteckige Boards aus 18 mm Birkensperrholz und Klettergriffen. Jedes Board hat einen Rahmen auf der R\u00fcckseite und die Gesamttiefe eines Boards betr\u00e4gt 36 mm einschlie\u00dflich des Holzrahmens. Jedes Board hat 20 L\u00f6cher f\u00fcr Klettergriffe. Ihr k\u00f6nnt die Position der Klettergriffe an unseren W\u00e4nden jederzeit ganz einfach \u00e4ndern, damit eure Kinder in Bewegung bleiben!<\/p>\n","protected":false},"excerpt":{"rendered":"<p>Die Gr\u00f6\u00dfe dieser Kletterwand ist optimal f\u00fcr das Heimklettern und die aktive Bewegung von Kindern. Diese Wand bietet problemlos Platz f\u00fcr 2-3 Kinder gleichzeitig &#8230;<\/p>\n","protected":false},"featured_media":3306,"template":"","meta":{"_acf_changed":false},"product_brand":[],"product_cat":[122,108],"product_tag":[],"class_list":{"0":"post-3317","1":"product","2":"type-product","3":"status-publish","4":"has-post-thumbnail","6":"product_cat-indoor-kletterwaende","7":"product_cat-kletterwand-furs-kinderzimmer","9":"first","10":"instock","11":"taxable","12":"shipping-taxable","13":"purchasable","14":"product-type-variable"},"acf":[],"_links":{"self":[{"href":"https:\/\/blockids.eu\/de\/wp-json\/wp\/v2\/product\/3317","targetHints":{"allow":["GET"]}}],"collection":[{"href":"https:\/\/blockids.eu\/de\/wp-json\/wp\/v2\/product"}],"about":[{"href":"https:\/\/blockids.eu\/de\/wp-json\/wp\/v2\/types\/product"}],"wp:featuredmedia":[{"embeddable":true,"href":"https:\/\/blockids.eu\/de\/wp-json\/wp\/v2\/media\/3306"}],"wp:attachment":[{"href":"https:\/\/blockids.eu\/de\/wp-json\/wp\/v2\/media?parent=3317"}],"wp:term":[{"taxonomy":"product_brand","embeddable":true,"href":"https:\/\/blockids.eu\/de\/wp-json\/wp\/v2\/product_brand?post=3317"},{"taxonomy":"product_cat","embeddable":true,"href":"https:\/\/blockids.eu\/de\/wp-json\/wp\/v2\/product_cat?post=3317"},{"taxonomy":"product_tag","embeddable":true,"href":"https:\/\/blockids.eu\/de\/wp-json\/wp\/v2\/product_tag?post=3317"}],"curies":[{"name":"wp","href":"https:\/\/api.w.org\/{rel}","templated":true}]}}