{"id":3179,"date":"2026-02-06T14:20:15","date_gmt":"2026-02-06T14:20:15","guid":{"rendered":"https:\/\/blockids.eu\/?post_type=product&#038;p=3179"},"modified":"2026-02-24T07:15:52","modified_gmt":"2026-02-24T07:15:52","slug":"kletterwand-fuers-kinderzimmer-blockids-3","status":"publish","type":"product","link":"https:\/\/blockids.eu\/de\/product\/kletterwand-fuers-kinderzimmer-blockids-3","title":{"rendered":"Kletterwand f\u00fcrs Kinderzimmer BLOCKids 3"},"content":{"rendered":"<p>Diese Kletterwand enth\u00e4lt drei rechteckige Boards, die horizontal installiert werden. Der Vorteil ist die gleiche H\u00f6he, aber es gen\u00fcgt wenig Platz. Unsere Kletterw\u00e4nde k\u00f6nnen auf W\u00e4nden, Holzkonstruktionen und Gipskartonplatten installiert werden.<\/p>\n<p>Wir empfehlen 2 Sturzmatten zu kaufen, die nicht nur beim Klettern vielseitig einsetzbar sind &#8211; aber auch zum Beispiel als Bett f\u00fcr einen Freund oder f\u00fcr Outdoor-Sportarten.<\/p>\n<p>Dieses Set besteht aus drei rechteckigen Boards aus 18 mm Birkensperrholz und Klettergriffen. Jedes Board hat einen Rahmen auf der R\u00fcckseite und die Gesamttiefe eines Boards betr\u00e4gt 36 mm einschlie\u00dflich des Holzrahmens. Jedes Board hat 20 L\u00f6cher f\u00fcr Klettergriffe. Ihr k\u00f6nnt die Position der Klettergriffe an unseren W\u00e4nden jederzeit ganz einfach \u00e4ndern, damit eure Kinder in Bewegung bleiben!<\/p>\n","protected":false},"excerpt":{"rendered":"<p>Kletterwand Kinderzimmer \u2013 sichere Indoor-Kletterw\u00e4nde f\u00fcr Kinder ab 3 Jahren. Spielspa\u00df, Abenteuer &amp; Sicherheit f\u00fcr euer Zuhause. Jetzt entdecken! Unsere Kletterwand Kinderzimmer ist die perfekte L\u00f6sung f\u00fcr kleine Abenteurer \u2013 sicher, stabil und ideal f\u00fcr Kinder von 3\u201310 Jahren.<\/p>\n","protected":false},"featured_media":3169,"template":"","meta":{"_acf_changed":false},"product_brand":[],"product_cat":[122,108],"product_tag":[],"class_list":{"0":"post-3179","1":"product","2":"type-product","3":"status-publish","4":"has-post-thumbnail","6":"product_cat-indoor-kletterwaende","7":"product_cat-kletterwand-furs-kinderzimmer","9":"first","10":"instock","11":"taxable","12":"shipping-taxable","13":"purchasable","14":"product-type-variable"},"acf":[],"_links":{"self":[{"href":"https:\/\/blockids.eu\/de\/wp-json\/wp\/v2\/product\/3179","targetHints":{"allow":["GET"]}}],"collection":[{"href":"https:\/\/blockids.eu\/de\/wp-json\/wp\/v2\/product"}],"about":[{"href":"https:\/\/blockids.eu\/de\/wp-json\/wp\/v2\/types\/product"}],"wp:featuredmedia":[{"embeddable":true,"href":"https:\/\/blockids.eu\/de\/wp-json\/wp\/v2\/media\/3169"}],"wp:attachment":[{"href":"https:\/\/blockids.eu\/de\/wp-json\/wp\/v2\/media?parent=3179"}],"wp:term":[{"taxonomy":"product_brand","embeddable":true,"href":"https:\/\/blockids.eu\/de\/wp-json\/wp\/v2\/product_brand?post=3179"},{"taxonomy":"product_cat","embeddable":true,"href":"https:\/\/blockids.eu\/de\/wp-json\/wp\/v2\/product_cat?post=3179"},{"taxonomy":"product_tag","embeddable":true,"href":"https:\/\/blockids.eu\/de\/wp-json\/wp\/v2\/product_tag?post=3179"}],"curies":[{"name":"wp","href":"https:\/\/api.w.org\/{rel}","templated":true}]}}