{"id":3106,"date":"2026-02-06T14:20:15","date_gmt":"2026-02-06T14:20:15","guid":{"rendered":"https:\/\/blockids.eu\/produkt\/kinder-kletterwand-fuers-zimmer-blockids-4"},"modified":"2026-02-24T06:27:23","modified_gmt":"2026-02-24T06:27:23","slug":"kletterwand-fuers-kinderzimmer-blockids-4","status":"publish","type":"product","link":"https:\/\/blockids.eu\/de\/product\/kletterwand-fuers-kinderzimmer-blockids-4","title":{"rendered":"Kletterwand f\u00fcrs Kinderzimmer BLOCKids 4"},"content":{"rendered":"<p>Die BLOCKids 4 Kletterwand ist eine tolle Fl\u00e4che f\u00fcr die Entwicklung der k\u00f6rperlichen F\u00e4higkeiten eurer Kinder. Erg\u00e4nzen k\u00f6nnt ihr sie mit Holzkonstruktionen von uns, die neue Bewegungsm\u00f6glichkeiten an der Kletterwand schaffen, wie zum Beispiel \u00dcberh\u00e4nge oder Seitengriffe. Unsere Kletterw\u00e4nde k\u00f6nnen an W\u00e4nden, Holzkonstruktionen und Gipskartonplatten installiert werden.<\/p>\n<p>Dieses Set besteht aus vier rechteckigen Boards aus 18 mm Birkensperrholz und Klettergriffen. Jedes Board hat einen Rahmen auf der R\u00fcckseite und die Gesamttiefe eines Boards betr\u00e4gt 36 mm einschlie\u00dflich des Holzrahmens. Jedes Board hat 20 L\u00f6cher f\u00fcr Klettergriffe. Ihr k\u00f6nnt die Position der Klettergriffe an unseren W\u00e4nden jederzeit ganz einfach \u00e4ndern, damit eure Kinder in Bewegung bleiben!<\/p>\n","protected":false},"excerpt":{"rendered":"<p>Die meistverkaufte Kletterwand aus unserem Angebot. Sie passt in die meisten Kinderzimmer, egal ob in einem Wohnblock oder in einem Familienhaus! Ihr k\u00f6nnt die Kletterwand perfekt mit einer Leiter oder Sprossen oder einer Tafelplatte f\u00fcr die Kleineren erg\u00e4nzen. Obwohl die maximale Aufprallh\u00f6he nur ca. 120 cm betr\u00e4gt, empfehlen wir unsere zertifizierten Aufprallmatten f\u00fcr jedermann.<\/p>\n","protected":false},"featured_media":3092,"template":"","meta":{"_acf_changed":false},"product_brand":[],"product_cat":[122,108],"product_tag":[],"class_list":{"0":"post-3106","1":"product","2":"type-product","3":"status-publish","4":"has-post-thumbnail","6":"product_cat-indoor-kletterwaende","7":"product_cat-kletterwand-furs-kinderzimmer","9":"first","10":"instock","11":"featured","12":"taxable","13":"shipping-taxable","14":"purchasable","15":"product-type-variable"},"acf":[],"_links":{"self":[{"href":"https:\/\/blockids.eu\/de\/wp-json\/wp\/v2\/product\/3106","targetHints":{"allow":["GET"]}}],"collection":[{"href":"https:\/\/blockids.eu\/de\/wp-json\/wp\/v2\/product"}],"about":[{"href":"https:\/\/blockids.eu\/de\/wp-json\/wp\/v2\/types\/product"}],"wp:featuredmedia":[{"embeddable":true,"href":"https:\/\/blockids.eu\/de\/wp-json\/wp\/v2\/media\/3092"}],"wp:attachment":[{"href":"https:\/\/blockids.eu\/de\/wp-json\/wp\/v2\/media?parent=3106"}],"wp:term":[{"taxonomy":"product_brand","embeddable":true,"href":"https:\/\/blockids.eu\/de\/wp-json\/wp\/v2\/product_brand?post=3106"},{"taxonomy":"product_cat","embeddable":true,"href":"https:\/\/blockids.eu\/de\/wp-json\/wp\/v2\/product_cat?post=3106"},{"taxonomy":"product_tag","embeddable":true,"href":"https:\/\/blockids.eu\/de\/wp-json\/wp\/v2\/product_tag?post=3106"}],"curies":[{"name":"wp","href":"https:\/\/api.w.org\/{rel}","templated":true}]}}