{"id":5291,"date":"2026-01-16T14:12:13","date_gmt":"2026-01-16T14:12:13","guid":{"rendered":"https:\/\/blockids.eu\/?page_id=5291"},"modified":"2026-02-26T22:26:02","modified_gmt":"2026-02-26T22:26:02","slug":"partner","status":"publish","type":"page","link":"https:\/\/blockids.eu\/de\/partner","title":{"rendered":"Partner"},"content":{"rendered":"\t\t<div data-elementor-type=\"wp-page\" data-elementor-id=\"5291\" class=\"elementor elementor-5291 elementor-152\" data-elementor-post-type=\"page\">\n\t\t\t\t<div class=\"elementor-element elementor-element-337814f e-con-full e-flex e-con e-parent\" data-id=\"337814f\" data-element_type=\"container\" data-e-type=\"container\">\n\t\t<div class=\"elementor-element elementor-element-bd44da5 e-con-full e-flex e-con e-child\" data-id=\"bd44da5\" data-element_type=\"container\" data-e-type=\"container\">\n\t\t\t\t<div class=\"elementor-element elementor-element-bcf0845 elementor-widget elementor-widget-heading\" data-id=\"bcf0845\" data-element_type=\"widget\" data-e-type=\"widget\" data-widget_type=\"heading.default\">\n\t\t\t\t\t<h2 class=\"elementor-heading-title elementor-size-default\">Partner<\/h2>\t\t\t\t<\/div>\n\t\t\t\t<div class=\"elementor-element elementor-element-a086779 elementor-widget elementor-widget-text-editor\" data-id=\"a086779\" data-element_type=\"widget\" data-e-type=\"widget\" data-widget_type=\"text-editor.default\">\n\t\t\t\t\t\t\t\t\t<p data-start=\"308\" data-end=\"617\">Partnerschaft ist wichtig \u2013 beim Klettern genauso wie im Gesch\u00e4ftsleben. Wir verlassen uns auf Unternehmen, die vertrauensw\u00fcrdig, professionell, fair im Umgang sind und bei denen die Zusammenarbeit einfach Spa\u00df macht.<\/p>\t\t\t\t\t\t\t\t<\/div>\n\t\t\t\t<div class=\"elementor-element elementor-element-e8e6ab4 elementor-widget elementor-widget-text-editor\" data-id=\"e8e6ab4\" data-element_type=\"widget\" data-e-type=\"widget\" data-widget_type=\"text-editor.default\">\n\t\t\t\t\t\t\t\t\t<ul><li>ADS Kita Plessenstra\u00dfe<\/li><li>Aktiv&amp;Gesundheit Physio UG<\/li><li>Alexandra Corneli\u00dfen Praxisinhaberin<\/li><li>Ambulanter Hospizdienst Winsen\/ Kindertrauer<\/li><li>Christuszentrum der S\u00fcdd. Gemeinschaft Sindelfingen<\/li><li>DGG GmbH<\/li><li>DRK Kita Paradiso eV<\/li><li>Entdeckerschule Hohenlohe &#8211; Bildungsweise e.V.<\/li><li>Ergoclimb<\/li><li>Ergotherapie und Handtherapie<\/li><li>ERGOZEIT Zeitel &amp; Kroll GbR<\/li><li>ev. Kindertagesst\u00e4tte Regenbogen<\/li><li>F\u00f6rderverein Hildegardis-Grundschule<\/li><li>Garten- und Landschaftsbau Fengler<\/li><li>Gemeinde Holzmaden<\/li><li>Gemeinde Pl\u00fcderhausen<\/li><li>Gerhard-Tersteegen-Institut gGmbH<\/li><li>HAVA Beteiligungs GmbH &amp; Co Wohnungsverwaltungs KG<\/li><li>Holleis Hotel GmbH<\/li><li>Holz-Handwerk<\/li><li>INA.KINDER.GARTENgGmbH<\/li><li>Kath. Kindergarten St. Franziskus<\/li><li>Kinder-und Jugendf\u00f6rderverein Wolfratshausen e.V.<\/li><li>Kinderfaculty &#8222;Little England&#8220; e.V.<\/li><li>Kindertagesst\u00e4tte &#8222;In der Falterswiese&#8220;<\/li><li>Kindervilla GmbH<\/li><li>Klinik Sylt Betriebs GmbH<\/li><li>Krankengymnastik Praxis Kleinfeld<\/li><li>Landhotel Sonneneck<\/li><li>Lebenshilfe Werkst\u00e4tten Wuppertal gGmbH<\/li><li>Ludwig Fresenius Schulen GmbH- PTL Die Praxis<\/li><li>Minifee &amp; Ko-KIG -Verein f\u00fcr Kinderbetreuung<\/li><li>Montessori-Kinderhaus Inntal gGmbH<\/li><li>Physio 2.0 GbR<\/li><li>Physio Art Ulm<\/li><li>Physioart- Physiotherapie am Weinberg<\/li><li>Physiofitnesszentrum<\/li><li>Physiotherapie<\/li><li>Physiotherapie<\/li><li>PHYSIOTHERAPIE 2.0<\/li><li>Praxis f\u00fcr Physiotherapie Stefanie Sch\u00fctzbach<\/li><li>Resch M\u00f6belwerkst\u00e4tten Ges.m.b.H.<\/li><li>Therapiezentrum Gelsenkirchen-Mitte<\/li><li>Therapiezentrum Wengel W\u00f6rndl GmbH<\/li><li>Turnverein Bochingen<\/li><\/ul>\t\t\t\t\t\t\t\t<\/div>\n\t\t\t\t<\/div>\n\t\t<div class=\"elementor-element elementor-element-12aa2e5 e-con-full e-flex e-con e-child\" data-id=\"12aa2e5\" data-element_type=\"container\" data-e-type=\"container\">\n\t\t\t\t<div class=\"elementor-element elementor-element-2463f9c elementor-widget elementor-widget-heading\" data-id=\"2463f9c\" data-element_type=\"widget\" data-e-type=\"widget\" data-widget_type=\"heading.default\">\n\t\t\t\t\t<h3 class=\"elementor-heading-title elementor-size-default\">Vielen Dank f\u00fcr Ihr Vertrauen<\/h3>\t\t\t\t<\/div>\n\t\t\t\t<div class=\"elementor-element elementor-element-eb05b9f elementor-widget elementor-widget-theme-site-logo elementor-widget-image\" data-id=\"eb05b9f\" data-element_type=\"widget\" data-e-type=\"widget\" data-widget_type=\"theme-site-logo.default\">\n\t\t\t\t\t\t\t\t\t\t\t<a href=\"https:\/\/blockids.eu\/de\">\n\t\t\t<img decoding=\"async\" width=\"227\" height=\"60\" src=\"https:\/\/blockids.eu\/wp-content\/uploads\/2026\/01\/BK-logo.svg\" class=\"attachment-full size-full wp-image-67\" alt=\"\" \/>\t\t\t\t<\/a>\n\t\t\t\t\t\t\t\t\t\t\t<\/div>\n\t\t\t\t<\/div>\n\t\t\t\t<\/div>\n\t\t\t\t<\/div>\n\t\t","protected":false},"excerpt":{"rendered":"<p>Partnerschaft ist wichtig \u2013 beim Klettern genauso wie im Gesch\u00e4ftsleben. Wir verlassen uns auf Unternehmen, die vertrauensw\u00fcrdig, professionell, fair im Umgang sind und bei denen die Zusammenarbeit einfach Spa\u00df macht. ADS Kita Plessenstra\u00dfe Aktiv&amp;Gesundheit Physio UG Alexandra Corneli\u00dfen Praxisinhaberin Ambulanter Hospizdienst Winsen\/ Kindertrauer Christuszentrum der S\u00fcdd. Gemeinschaft Sindelfingen DGG GmbH DRK Kita Paradiso eV Entdeckerschule [&hellip;]<\/p>\n","protected":false},"author":3,"featured_media":0,"parent":0,"menu_order":0,"comment_status":"closed","ping_status":"closed","template":"","meta":{"_acf_changed":false,"footnotes":""},"class_list":["post-5291","page","type-page","status-publish","hentry"],"acf":[],"_links":{"self":[{"href":"https:\/\/blockids.eu\/de\/wp-json\/wp\/v2\/pages\/5291","targetHints":{"allow":["GET"]}}],"collection":[{"href":"https:\/\/blockids.eu\/de\/wp-json\/wp\/v2\/pages"}],"about":[{"href":"https:\/\/blockids.eu\/de\/wp-json\/wp\/v2\/types\/page"}],"author":[{"embeddable":true,"href":"https:\/\/blockids.eu\/de\/wp-json\/wp\/v2\/users\/3"}],"replies":[{"embeddable":true,"href":"https:\/\/blockids.eu\/de\/wp-json\/wp\/v2\/comments?post=5291"}],"version-history":[{"count":7,"href":"https:\/\/blockids.eu\/de\/wp-json\/wp\/v2\/pages\/5291\/revisions"}],"predecessor-version":[{"id":5311,"href":"https:\/\/blockids.eu\/de\/wp-json\/wp\/v2\/pages\/5291\/revisions\/5311"}],"wp:attachment":[{"href":"https:\/\/blockids.eu\/de\/wp-json\/wp\/v2\/media?parent=5291"}],"curies":[{"name":"wp","href":"https:\/\/api.w.org\/{rel}","templated":true}]}}