{"id":5013,"date":"2026-01-16T14:11:52","date_gmt":"2026-01-16T14:11:52","guid":{"rendered":"https:\/\/blockids.eu\/ueber-uns"},"modified":"2026-02-25T13:38:12","modified_gmt":"2026-02-25T13:38:12","slug":"ueber-uns","status":"publish","type":"page","link":"https:\/\/blockids.eu\/de\/ueber-uns","title":{"rendered":"\u00dcber uns"},"content":{"rendered":"\t\t<div data-elementor-type=\"wp-page\" data-elementor-id=\"5013\" class=\"elementor elementor-5013 elementor-148\" data-elementor-post-type=\"page\">\n\t\t\t\t<div class=\"elementor-element elementor-element-a0541cf e-con-full e-flex e-con e-parent\" data-id=\"a0541cf\" data-element_type=\"container\" data-e-type=\"container\">\n\t\t\t\t<div class=\"elementor-element elementor-element-b8b9e8e elementor-widget elementor-widget-heading\" data-id=\"b8b9e8e\" data-element_type=\"widget\" data-e-type=\"widget\" data-widget_type=\"heading.default\">\n\t\t\t\t\t<h1 class=\"elementor-heading-title elementor-size-default\">\u00dcber uns<\/h1>\t\t\t\t<\/div>\n\t\t<div class=\"elementor-element elementor-element-23a51bc e-con-full e-flex e-con e-child\" data-id=\"23a51bc\" data-element_type=\"container\" data-e-type=\"container\">\n\t\t<div class=\"elementor-element elementor-element-32a5173 e-con-full e-flex e-con e-child\" data-id=\"32a5173\" data-element_type=\"container\" data-e-type=\"container\">\n\t\t\t\t<div class=\"elementor-element elementor-element-d1e023e elementor-widget elementor-widget-heading\" data-id=\"d1e023e\" data-element_type=\"widget\" data-e-type=\"widget\" data-widget_type=\"heading.default\">\n\t\t\t\t\t<h3 class=\"elementor-heading-title elementor-size-default\">Klettern ist f\u00fcr uns ein Lebensstil. Wenn wir Freizeit haben, sind wir gerne in der Natur. Aber Klettern braucht auch gute Bedingungen und Training. Im Winter oder bei Regen klettert man einfach drinnen an k\u00fcnstlichen W\u00e4nden.    <\/h3>\t\t\t\t<\/div>\n\t\t\t\t<\/div>\n\t\t<div class=\"elementor-element elementor-element-e6b847a e-con-full e-flex e-con e-child\" data-id=\"e6b847a\" data-element_type=\"container\" data-e-type=\"container\">\n\t\t\t\t<div class=\"elementor-element elementor-element-c204b63 elementor-widget elementor-widget-theme-site-logo elementor-widget-image\" data-id=\"c204b63\" data-element_type=\"widget\" data-e-type=\"widget\" data-widget_type=\"theme-site-logo.default\">\n\t\t\t\t\t\t\t\t\t\t\t<a href=\"https:\/\/blockids.eu\/de\">\n\t\t\t<img decoding=\"async\" width=\"227\" height=\"60\" src=\"https:\/\/blockids.eu\/wp-content\/uploads\/2026\/01\/BK-logo.svg\" class=\"attachment-full size-full wp-image-67\" alt=\"\" \/>\t\t\t\t<\/a>\n\t\t\t\t\t\t\t\t\t\t\t<\/div>\n\t\t\t\t<\/div>\n\t\t\t\t<\/div>\n\t\t\t\t<div class=\"elementor-element elementor-element-4631d14 elementor-widget elementor-widget-text-editor\" data-id=\"4631d14\" data-element_type=\"widget\" data-e-type=\"widget\" data-widget_type=\"text-editor.default\">\n\t\t\t\t\t\t\t\t\t<p>Seit 2016 stellt <u><a href=\"https:\/\/www.virgingrip.com\/cs\/\" target=\"_blank\" rel=\"noopener\">VirginGrip, s.r.o.<\/a><\/u> Klettergriffe und Holzkonstruktionen f\u00fcr professionelle Kletterer und f\u00fcr diejenigen her, die einfach zum Spa\u00df oder f\u00fcr das k\u00f6rperliche Fitness klettern. Das Konzept BLOCKids entstand ganz nat\u00fcrlich. Wir wollten unser Angebot f\u00fcr die kleinsten Kletterer erweitern. Wir haben unseren eigenen Kindern ihre ersten Schritte auf den Felsen beigebracht, also wissen wir, wie man f\u00fcr sie eine geeignete Kletterwand baut.    <\/p><p>Das Unternehmen befindet sich im \u201eSupergebiet\u201c in Tis\u00e1. Im Jahr 2023 haben wir einen neuen Betrieb in \u00dast\u00ed nad Labem eingerichtet, wo wir die Griffe mit modernen Verfahren entwerfen und herstellen. Daf\u00fcr verwenden wir gef\u00e4rbtes <u><a href=\"https:\/\/www.virgingrip.com\/cs\/virgingrip-vyroba\/\" target=\"_blank\" rel=\"noopener\">ECO-Polyurethan<\/a><\/u>. Auch das Metallzubeh\u00f6r und andere Elemente entwerfen wir selbst und beziehen diese dann von lokalen Lieferanten. Das bedeutet, dass unsere Produkte zu 100 % tschechischen Ursprungs sind.     <\/p>\t\t\t\t\t\t\t\t<\/div>\n\t\t\t\t<div class=\"elementor-element elementor-element-b4c19bd elementor-widget elementor-widget-image\" data-id=\"b4c19bd\" data-element_type=\"widget\" data-e-type=\"widget\" data-widget_type=\"image.default\">\n\t\t\t\t\t\t\t\t\t\t\t\t\t\t\t<img fetchpriority=\"high\" decoding=\"async\" width=\"800\" height=\"400\" src=\"https:\/\/blockids.eu\/wp-content\/uploads\/2026\/01\/img-o-nas-1024x512.webp\" class=\"attachment-large size-large wp-image-5012\" alt=\"\" srcset=\"https:\/\/blockids.eu\/wp-content\/uploads\/2026\/01\/img-o-nas-1024x512.webp 1024w, https:\/\/blockids.eu\/wp-content\/uploads\/2026\/01\/img-o-nas-600x300.webp 600w, https:\/\/blockids.eu\/wp-content\/uploads\/2026\/01\/img-o-nas-300x150.webp 300w, https:\/\/blockids.eu\/wp-content\/uploads\/2026\/01\/img-o-nas-768x384.webp 768w, https:\/\/blockids.eu\/wp-content\/uploads\/2026\/01\/img-o-nas-1536x768.webp 1536w, https:\/\/blockids.eu\/wp-content\/uploads\/2026\/01\/img-o-nas.webp 1800w\" sizes=\"(max-width: 800px) 100vw, 800px\" \/>\t\t\t\t\t\t\t\t\t\t\t\t\t\t\t<\/div>\n\t\t\t\t<div class=\"elementor-element elementor-element-b41404b elementor-widget elementor-widget-text-editor\" data-id=\"b41404b\" data-element_type=\"widget\" data-e-type=\"widget\" data-widget_type=\"text-editor.default\">\n\t\t\t\t\t\t\t\t\t<p>Wir liefern Klettergriffe in die ganze Welt, wir haben Kunden in ganz Europa, aber auch in Asien oder den USA. Wir sind immer auf der Suche nach neuen Designs und umweltfreundlicheren Wegen.  <\/p><p>Bei der Qualit\u00e4t machen wir keine Kompromisse. <strong>BLOCKids \u2013 eine Wand von Kletterern f\u00fcr eure Kinder.<\/strong><\/p>\t\t\t\t\t\t\t\t<\/div>\n\t\t\t\t<\/div>\n\t\t\t\t<\/div>\n\t\t","protected":false},"excerpt":{"rendered":"<p>Klettern ist f\u00fcr uns ein Lebensstil. Wenn wir Freizeit haben, sind wir gerne in der Natur. Aber Klettern braucht auch gute Bedingungen und Training. Im Winter oder bei Regen klettert man einfach drinnen an k\u00fcnstlichen W\u00e4nden. Seit 2016 stellt VirginGrip, s.r.o. Klettergriffe und Holzkonstruktionen f\u00fcr professionelle Kletterer und f\u00fcr diejenigen her, die einfach zum Spa\u00df [&hellip;]<\/p>\n","protected":false},"author":2,"featured_media":0,"parent":0,"menu_order":0,"comment_status":"closed","ping_status":"closed","template":"","meta":{"_acf_changed":false,"footnotes":""},"class_list":["post-5013","page","type-page","status-publish","hentry"],"acf":[],"_links":{"self":[{"href":"https:\/\/blockids.eu\/de\/wp-json\/wp\/v2\/pages\/5013","targetHints":{"allow":["GET"]}}],"collection":[{"href":"https:\/\/blockids.eu\/de\/wp-json\/wp\/v2\/pages"}],"about":[{"href":"https:\/\/blockids.eu\/de\/wp-json\/wp\/v2\/types\/page"}],"author":[{"embeddable":true,"href":"https:\/\/blockids.eu\/de\/wp-json\/wp\/v2\/users\/2"}],"replies":[{"embeddable":true,"href":"https:\/\/blockids.eu\/de\/wp-json\/wp\/v2\/comments?post=5013"}],"version-history":[{"count":2,"href":"https:\/\/blockids.eu\/de\/wp-json\/wp\/v2\/pages\/5013\/revisions"}],"predecessor-version":[{"id":5015,"href":"https:\/\/blockids.eu\/de\/wp-json\/wp\/v2\/pages\/5013\/revisions\/5015"}],"wp:attachment":[{"href":"https:\/\/blockids.eu\/de\/wp-json\/wp\/v2\/media?parent=5013"}],"curies":[{"name":"wp","href":"https:\/\/api.w.org\/{rel}","templated":true}]}}